{"id":618,"date":"2026-01-29T09:21:57","date_gmt":"2026-01-29T08:21:57","guid":{"rendered":"https:\/\/madeira.vopilot.nl\/datenschutzrichtlinie\/"},"modified":"2026-03-31T11:42:26","modified_gmt":"2026-03-31T09:42:26","slug":"datenschutzrichtlinie","status":"publish","type":"page","link":"https:\/\/madeira.vopilot.nl\/de\/datenschutzrichtlinie\/","title":{"rendered":"Datenschutzrichtlinie"},"content":{"rendered":"\n<h2 class=\"wp-block-heading\"><strong>VILLA DA ROCHINHA \u2013 Ferienapartment Madeira<\/strong><\/h2>\n\n<hr class=\"wp-block-separator has-alpha-channel-opacity\"\/>\n\n<h1 class=\"wp-block-heading\">Datenschutzerkl\u00e4rung<\/h1>\n\n<p><strong>VILLA DA ROCHINHA \u2013 Ferienapartment Madeira<\/strong><\/p>\n\n<p>Zuletzt aktualisiert: 23. M\u00e4rz 2026 <\/p>\n\n<p>VILLA DA ROCHINHA \u2013 Ferienapartment Madeira legt gro\u00dfen Wert auf den Schutz Ihrer pers\u00f6nlichen Daten. In dieser Datenschutzerkl\u00e4rung erkl\u00e4ren wir, welche Daten wir erheben, warum wir dies tun und wie wir Ihre Daten sch\u00fctzen. <\/p>\n\n<p>Wir verarbeiten personenbezogene Daten in \u00dcbereinstimmung mit der Datenschutz-Grundverordnung (DSGVO).<\/p>\n\n<hr class=\"wp-block-separator has-alpha-channel-opacity\"\/>\n\n<h2 class=\"wp-block-heading\">1. Wer sind wir?<\/h2>\n\n<p>VILLA DA ROCHINHA \u2013 Ferienapartmet Madeira<br\/>Caminho da Rochinha 25,<br\/>9225-210 Porto da Cruz<br\/>Madeira, Portugal<br\/>E-mail: booking@villadarochinha.com<br\/>Telefon: +351 939 937 525<br\/>Registrierungsnummer: 172635\/AL<\/p>\n\n<hr class=\"wp-block-separator has-alpha-channel-opacity\"\/>\n\n<h2 class=\"wp-block-heading\">2. Welche personenbezogenen Daten verarbeiten wir?<\/h2>\n\n<p>Wir verarbeiten ausschlie\u00dflich personenbezogene Daten, die f\u00fcr unsere Dienstleistungen erforderlich sind, wie zum Beispiel:<\/p>\n\n<ul class=\"wp-block-list\">\n<li>Vor- und Nachname<\/li>\n\n\n\n<li>Adressdaten<\/li>\n\n\n\n<li>Telefonnummer<\/li>\n\n\n\n<li>E-mail-Adresse<\/li>\n\n\n\n<li>Zahlungsdaten<\/li>\n\n\n\n<li>Ankunfts- und Abreisedaten<\/li>\n\n\n\n<li>Passdaten<\/li>\n\n\n\n<li>Etwaige zus\u00e4tzliche Informationen, die Sie selbst bereitstellen (zum Beispiel per E-Mail oder \u00fcber ein Kontaktformular)<\/li>\n<\/ul>\n\n<hr class=\"wp-block-separator has-alpha-channel-opacity\"\/>\n\n<h2 class=\"wp-block-heading\">3. Warum verarbeiten wir Ihre Daten?<\/h2>\n\n<p>Wir verarbeiten Ihre personenbezogenen Daten f\u00fcr die folgenden Zwecke:<\/p>\n\n<ul class=\"wp-block-list\">\n<li>Die Bearbeitung von Reservierungen<\/li>\n\n\n\n<li>Die Verarbeitung von Zahlungen<\/li>\n\n\n\n<li>Die Bereitstellung von Informationen zu Ihrem Aufenthalt<\/li>\n\n\n\n<li>Kommunikation vor, w\u00e4hrend und nach Ihrem Aufenthalt<\/li>\n\n\n\n<li>Die Erf\u00fcllung gesetzlicher Verpflichtungen (wie z.\u202fB. steuerliche Verwaltung)<\/li>\n\n\n\n<li>Verbesserung unserer Dienstleistungen<\/li>\n<\/ul>\n\n<p>Wir verarbeiten Ihre Daten ausschlie\u00dflich auf der Grundlage einer g\u00fcltigen Rechtsgrundlage, wie der Erf\u00fcllung eines Vertrags oder einer gesetzlichen Verpflichtung.<\/p>\n\n<hr class=\"wp-block-separator has-alpha-channel-opacity\"\/>\n\n<h2 class=\"wp-block-heading\">4.Aufbewahrungsfrist<\/h2>\n\n<p>Wir bewahren Ihre personenbezogenen Daten nicht l\u00e4nger auf, als es f\u00fcr den Zweck, zu dem sie erhoben wurden, erforderlich ist, es sei denn, wir sind gesetzlich verpflichtet, die Daten l\u00e4nger aufzubewahren (zum Beispiel f\u00fcr steuerliche Zwecke, in der Regel 7 Jahre).<\/p>\n\n<hr class=\"wp-block-separator has-alpha-channel-opacity\"\/>\n\n<h2 class=\"wp-block-heading\">5. Weitergabe personenbezogener Daten an Dritte<\/h2>\n\n<p>Wir geben Ihre Daten nur an Dritte weiter, wenn dies f\u00fcr unsere Dienstleistungen erforderlich ist oder zur Erf\u00fcllung gesetzlicher Verpflichtungen. Dazu geh\u00f6ren zum Beispiel: <\/p>\n\n<ul class=\"wp-block-list\">\n<li>Zahlungsanbieter<br\/><\/li>\n\n\n\n<li>Buchungsplattformen (falls zutreffend)<\/li>\n\n\n\n<li>Buchhaltungsb\u00fcro oder Steuerberater<\/li>\n\n\n\n<li>Beh\u00f6rden, sofern gesetzlich vorgeschrieben<\/li>\n<\/ul>\n\n<p>Mit Parteien, die Ihre Daten in unserem Auftrag verarbeiten, schlie\u00dfen wir bei Bedarf einen Auftragsverarbeitungsvertrag ab.<\/p>\n\n<p>Wir verkaufen Ihre personenbezogenen Daten niemals an Dritte.<\/p>\n\n<hr class=\"wp-block-separator has-alpha-channel-opacity\"\/>\n\n<h2 class=\"wp-block-heading\">6. Cookies<\/h2>\n\n<p>Unsere Website kann Cookies f\u00fcr folgende Zwecke verwenden:<\/p>\n\n<ul class=\"wp-block-list\">\n<li>Funktionale Zwecke (zum Beispiel, um die Website ordnungsgem\u00e4\u00df funktionieren zu lassen)<\/li>\n\n\n\n<li>Analytische Zwecke (wie Besucherstatistiken)<\/li>\n<\/ul>\n\n<p>Wenn wir Tracking- oder Marketing-Cookies verwenden, holen wir vorher Ihre Zustimmung \u00fcber ein Cookie-Banner ein.<\/p>\n\n<p>Sie k\u00f6nnen Cookies jederzeit \u00fcber die Einstellungen Ihres Browsers deaktivieren.<\/p>\n\n<hr class=\"wp-block-separator has-alpha-channel-opacity\"\/>\n\n<h2 class=\"wp-block-heading\">7. Sicherheit<\/h2>\n\n<p>Wir ergreifen geeignete technische und organisatorische Ma\u00dfnahmen, um Ihre personenbezogenen Daten vor Verlust, Missbrauch oder unbefugtem Zugriff zu sch\u00fctzen.<\/p>\n\n<hr class=\"wp-block-separator has-alpha-channel-opacity\"\/>\n\n<h2 class=\"wp-block-heading\">8. Ihre Rechte<\/h2>\n\n<p>Sie haben das Recht:<\/p>\n\n<ul class=\"wp-block-list\">\n<li>Ihre personenbezogenen Daten einzusehen<\/li>\n\n\n\n<li>Ihre Daten korrigieren zu lassen<\/li>\n\n\n\n<li>Ihre Daten l\u00f6schen zu lassen<\/li>\n\n\n\n<li>Die Verarbeitung einzuschr\u00e4nken<\/li>\n\n\n\n<li>Der Verarbeitung zu widersprechen<\/li>\n\n\n\n<li>Ihre Daten \u00fcbertragen zu lassen (Datenportabilit\u00e4t)<\/li>\n<\/ul>\n\n<p>Einen Antrag k\u00f6nnen Sie \u00fcber die oben angegebene E-Mail-Adresse stellen. Wir antworten innerhalb von 30 Tagen. <\/p>\n\n<p>Dar\u00fcber hinaus haben Sie das Recht, eine Beschwerde bei der Aufsichtsbeh\u00f6rde einzureichen (in den Niederlanden: Autoriteit Persoonsgegevens).<\/p>\n\n<hr class=\"wp-block-separator has-alpha-channel-opacity\"\/>\n\n<h2 class=\"wp-block-heading\">9. \u00c4nderungen<\/h2>\n\n<p>Wir behalten uns das Recht vor, diese Datenschutzerkl\u00e4rung zu \u00e4ndern. Die aktuellste Version wird stets auf unserer Website ver\u00f6ffentlicht. <\/p>\n","protected":false},"excerpt":{"rendered":"<p>VILLA DA ROCHINHA \u2013 Ferienapartment Madeira Datenschutzerkl\u00e4rung VILLA DA ROCHINHA \u2013 Ferienapartment Madeira Zuletzt aktualisiert: 23. M\u00e4rz 2026 VILLA DA ROCHINHA \u2013 Ferienapartment Madeira legt gro\u00dfen Wert auf den Schutz Ihrer pers\u00f6nlichen Daten. In dieser Datenschutzerkl\u00e4rung erkl\u00e4ren wir, welche Daten wir erheben, warum wir dies tun und wie wir Ihre Daten sch\u00fctzen. Wir verarbeiten personenbezogene [&hellip;]<\/p>\n","protected":false},"author":1,"featured_media":0,"parent":0,"menu_order":0,"comment_status":"closed","ping_status":"open","template":"","meta":{"footnotes":""},"class_list":["post-618","page","type-page","status-publish","hentry"],"_links":{"self":[{"href":"https:\/\/madeira.vopilot.nl\/de\/wp-json\/wp\/v2\/pages\/618","targetHints":{"allow":["GET"]}}],"collection":[{"href":"https:\/\/madeira.vopilot.nl\/de\/wp-json\/wp\/v2\/pages"}],"about":[{"href":"https:\/\/madeira.vopilot.nl\/de\/wp-json\/wp\/v2\/types\/page"}],"author":[{"embeddable":true,"href":"https:\/\/madeira.vopilot.nl\/de\/wp-json\/wp\/v2\/users\/1"}],"replies":[{"embeddable":true,"href":"https:\/\/madeira.vopilot.nl\/de\/wp-json\/wp\/v2\/comments?post=618"}],"version-history":[{"count":1,"href":"https:\/\/madeira.vopilot.nl\/de\/wp-json\/wp\/v2\/pages\/618\/revisions"}],"predecessor-version":[{"id":619,"href":"https:\/\/madeira.vopilot.nl\/de\/wp-json\/wp\/v2\/pages\/618\/revisions\/619"}],"wp:attachment":[{"href":"https:\/\/madeira.vopilot.nl\/de\/wp-json\/wp\/v2\/media?parent=618"}],"curies":[{"name":"wp","href":"https:\/\/api.w.org\/{rel}","templated":true}]}}