{"id":814,"date":"2026-02-19T09:48:17","date_gmt":"2026-02-19T08:48:17","guid":{"rendered":"https:\/\/madeira.vopilot.nl\/buchen\/"},"modified":"2026-04-17T12:58:41","modified_gmt":"2026-04-17T10:58:41","slug":"buchen","status":"publish","type":"page","link":"https:\/\/madeira.vopilot.nl\/de\/buchen\/","title":{"rendered":"Buchen"},"content":{"rendered":"<style>.elementor-814 .elementor-element.elementor-element-8f62f59{--display:flex;--min-height:100vh;--flex-direction:row;--container-widget-width:initial;--container-widget-height:100%;--container-widget-flex-grow:1;--container-widget-align-self:stretch;--flex-wrap-mobile:wrap;--gap:50px 50px;--row-gap:50px;--column-gap:50px;--overflow:hidden;--margin-top:-120px;--margin-bottom:0px;--margin-left:0px;--margin-right:0px;--padding-top:0px;--padding-bottom:0px;--padding-left:0px;--padding-right:0px;}.elementor-814 .elementor-element.elementor-element-8f62f59:not(.elementor-motion-effects-element-type-background), .elementor-814 .elementor-element.elementor-element-8f62f59 > .elementor-motion-effects-container > .elementor-motion-effects-layer{background-color:var( --e-global-color-secondary );}.elementor-814 .elementor-element.elementor-element-001c457{--display:flex;--flex-direction:column;--container-widget-width:100%;--container-widget-height:initial;--container-widget-flex-grow:0;--container-widget-align-self:initial;--flex-wrap-mobile:wrap;--margin-top:0px;--margin-bottom:0px;--margin-left:0px;--margin-right:0px;--padding-top:200px;--padding-bottom:0px;--padding-left:150px;--padding-right:0px;}.elementor-814 .elementor-element.elementor-element-9376123 .elementskit-section-title-wraper .elementskit-section-title{color:var( --e-global-color-accent );margin:0px 0px 30px 0px;font-family:var( --e-global-typography-c93e021-font-family ), Sans-serif;font-size:var( --e-global-typography-c93e021-font-size );font-weight:var( --e-global-typography-c93e021-font-weight );line-height:var( --e-global-typography-c93e021-line-height );letter-spacing:var( --e-global-typography-c93e021-letter-spacing );word-spacing:var( --e-global-typography-c93e021-word-spacing );}.elementor-814 .elementor-element.elementor-element-9376123 .elementskit-section-title-wraper .elementskit-section-subtitle{font-family:var( --e-global-typography-bda38db-font-family ), Sans-serif;font-size:var( --e-global-typography-bda38db-font-size );font-weight:var( --e-global-typography-bda38db-font-weight );font-style:var( --e-global-typography-bda38db-font-style );line-height:var( --e-global-typography-bda38db-line-height );letter-spacing:var( --e-global-typography-bda38db-letter-spacing );word-spacing:var( --e-global-typography-bda38db-word-spacing );margin:0px 0px -5px 0px;}.elementor-814 .elementor-element.elementor-element-9376123 .elementskit-section-title-wraper p{font-family:var( --e-global-typography-text-font-family ), Sans-serif;font-size:var( --e-global-typography-text-font-size );font-weight:var( --e-global-typography-text-font-weight );line-height:var( --e-global-typography-text-line-height );margin:0px 25px 0px 0px;}.elementor-814 .elementor-element.elementor-element-5bb4033{--display:flex;--justify-content:center;--margin-top:0px;--margin-bottom:0px;--margin-left:0px;--margin-right:0px;--padding-top:0px;--padding-bottom:0px;--padding-left:0px;--padding-right:0px;}.elementor-814 .elementor-element.elementor-element-5bb4033:not(.elementor-motion-effects-element-type-background), .elementor-814 .elementor-element.elementor-element-5bb4033 > .elementor-motion-effects-container > .elementor-motion-effects-layer{background-image:url(\"https:\/\/madeira.vopilot.nl\/wp-content\/uploads\/2026\/04\/AVE_6457-scaled.jpg\");background-position:center center;background-repeat:no-repeat;background-size:cover;}.elementor-814 .elementor-element.elementor-element-f32782f{--spacer-size:600px;}.elementor-814 .elementor-element.elementor-element-03eaa98{--display:flex;--flex-direction:column;--container-widget-width:calc( ( 1 - var( --container-widget-flex-grow ) ) * 100% );--container-widget-height:initial;--container-widget-flex-grow:0;--container-widget-align-self:initial;--flex-wrap-mobile:wrap;--align-items:center;--overflow:hidden;--margin-top:0px;--margin-bottom:0px;--margin-left:0px;--margin-right:0px;--padding-top:50px;--padding-bottom:50px;--padding-left:0px;--padding-right:0px;}.elementor-814 .elementor-element.elementor-element-03eaa98:not(.elementor-motion-effects-element-type-background), .elementor-814 .elementor-element.elementor-element-03eaa98 > .elementor-motion-effects-container > .elementor-motion-effects-layer{background-color:var( --e-global-color-secondary );}.elementor-814 .elementor-element.elementor-element-032f7df{--display:flex;--margin-top:0px;--margin-bottom:0px;--margin-left:0px;--margin-right:0px;--padding-top:0px;--padding-bottom:0px;--padding-left:0px;--padding-right:0px;}.elementor-814 .elementor-element.elementor-element-411ecf4 .elementskit-section-title-wraper .elementskit-section-title{margin:0px 0px 20px 0px;}.elementor-814 .elementor-element.elementor-element-a5ea34c{width:100%;max-width:100%;}@media(max-width:1024px){.elementor-814 .elementor-element.elementor-element-8f62f59{--margin-top:-120px;--margin-bottom:0px;--margin-left:0px;--margin-right:0px;--padding-top:0px;--padding-bottom:50px;--padding-left:30px;--padding-right:0px;}.elementor-814 .elementor-element.elementor-element-001c457{--padding-top:200px;--padding-bottom:0px;--padding-left:5px;--padding-right:0px;}.elementor-814 .elementor-element.elementor-element-9376123 .elementskit-section-title-wraper .elementskit-section-title{margin:0px 100px 30px 0px;font-size:var( --e-global-typography-c93e021-font-size );line-height:var( --e-global-typography-c93e021-line-height );letter-spacing:var( --e-global-typography-c93e021-letter-spacing );word-spacing:var( --e-global-typography-c93e021-word-spacing );}.elementor-814 .elementor-element.elementor-element-9376123 .elementskit-section-title-wraper .elementskit-section-subtitle{font-size:var( --e-global-typography-bda38db-font-size );line-height:var( --e-global-typography-bda38db-line-height );letter-spacing:var( --e-global-typography-bda38db-letter-spacing );word-spacing:var( --e-global-typography-bda38db-word-spacing );}.elementor-814 .elementor-element.elementor-element-9376123 .elementskit-section-title-wraper p{font-size:var( --e-global-typography-text-font-size );line-height:var( --e-global-typography-text-line-height );}.elementor-814 .elementor-element.elementor-element-f32782f{--spacer-size:1050px;}.elementor-814 .elementor-element.elementor-element-03eaa98{--flex-direction:row;--container-widget-width:initial;--container-widget-height:100%;--container-widget-flex-grow:1;--container-widget-align-self:stretch;--flex-wrap-mobile:wrap;--padding-top:50px;--padding-bottom:135px;--padding-left:30px;--padding-right:30px;}.elementor-814 .elementor-element.elementor-element-411ecf4 .elementskit-section-title-wraper .elementskit-section-title{margin:0px 0px 0px 0px;}}@media(max-width:767px){.elementor-814 .elementor-element.elementor-element-8f62f59{--margin-top:-120px;--margin-bottom:0px;--margin-left:0px;--margin-right:0px;--padding-top:0px;--padding-bottom:50px;--padding-left:0px;--padding-right:0px;}.elementor-814 .elementor-element.elementor-element-001c457{--padding-top:60px;--padding-bottom:0px;--padding-left:20px;--padding-right:20px;}.elementor-814 .elementor-element.elementor-element-9376123 .elementskit-section-title-wraper .elementskit-section-title{margin:0px 0px 30px 0px;font-size:var( --e-global-typography-c93e021-font-size );line-height:var( --e-global-typography-c93e021-line-height );letter-spacing:var( --e-global-typography-c93e021-letter-spacing );word-spacing:var( --e-global-typography-c93e021-word-spacing );}.elementor-814 .elementor-element.elementor-element-9376123 .elementskit-section-title-wraper .elementskit-section-subtitle{font-size:var( --e-global-typography-bda38db-font-size );line-height:var( --e-global-typography-bda38db-line-height );letter-spacing:var( --e-global-typography-bda38db-letter-spacing );word-spacing:var( --e-global-typography-bda38db-word-spacing );}.elementor-814 .elementor-element.elementor-element-9376123 .elementskit-section-title-wraper p{font-size:var( --e-global-typography-text-font-size );line-height:var( --e-global-typography-text-line-height );margin:0px 0px 0px 0px;}.elementor-814 .elementor-element.elementor-element-9376123 > .elementor-widget-container{margin:50px 0px 0px 0px;}.elementor-814 .elementor-element.elementor-element-f32782f{--spacer-size:450px;}.elementor-814 .elementor-element.elementor-element-03eaa98{--padding-top:50px;--padding-bottom:140px;--padding-left:20px;--padding-right:20px;}}@media(min-width:768px){.elementor-814 .elementor-element.elementor-element-001c457{--width:50%;}.elementor-814 .elementor-element.elementor-element-5bb4033{--width:50%;}}@media(max-width:1024px) and (min-width:768px){.elementor-814 .elementor-element.elementor-element-001c457{--width:65%;}.elementor-814 .elementor-element.elementor-element-5bb4033{--width:35%;}}<\/style>\t\t<div data-elementor-type=\"wp-page\" data-elementor-id=\"814\" class=\"elementor elementor-814 elementor-159\" data-elementor-post-type=\"page\">\n\t\t\t\t<div class=\"elementor-element elementor-element-8f62f59 e-con-full e-flex e-con e-parent\" data-id=\"8f62f59\" data-element_type=\"container\" data-e-type=\"container\" data-settings=\"{&quot;background_background&quot;:&quot;classic&quot;}\">\n\t\t<div class=\"elementor-element elementor-element-001c457 e-con-full e-flex e-con e-child\" data-id=\"001c457\" data-element_type=\"container\" data-e-type=\"container\">\n\t\t\t\t<div class=\"elementor-element elementor-element-9376123 animated-slow elementor-widget elementor-widget-elementskit-heading\" data-id=\"9376123\" data-element_type=\"widget\" data-e-type=\"widget\" data-settings=\"{&quot;_animation&quot;:&quot;none&quot;}\" data-widget_type=\"elementskit-heading.default\">\n\t\t\t\t<div class=\"elementor-widget-container\">\n\t\t\t\t\t<div class=\"ekit-wid-con\" ><div class=\"ekit-heading elementskit-section-title-wraper text_left   ekit_heading_tablet-   ekit_heading_mobile-text_center\"><div class=\"elementskit-section-subtitle  \">\n\t\t\t\t\t\t&lt;br&gt;Mehr erfahren\n\t\t\t\t\t<\/div><div class=\"ekit-heading--title elementskit-section-title \">Buchen<\/div>\t\t\t\t<div class='ekit-heading__description'>\n\t\t\t\t\t<p>Sieh im Kalender unten nach, welche Daten noch verf\u00fcgbar sind, und buche direkt deinen Aufenthalt. Der aktuelle Preis pro Nacht wird automatisch angezeigt. <\/p>\n<p>\n<p>Die Mindestaufenthaltsdauer betr\u00e4gt 4 N\u00e4chte, in der Sommerperiode 5 N\u00e4chte.<br>Der Check-in ist ab 15:00 Uhr m\u00f6glich und der Check-out bis 11:00 Uhr. Die maximale Aufenthaltsdauer betr\u00e4gt 28 N\u00e4chte. Ein l\u00e4ngerer oder k\u00fcrzerer Aufenthalt ist nur nach Vereinbarung m\u00f6glich.  <\/p>\n<p>\n<p>Die obligatorische Touristensteuer auf Madeira betr\u00e4gt 2 \u20ac pro Person und Nacht f\u00fcr G\u00e4ste ab 13 Jahren, mit einem Maximum von 7 N\u00e4chten pro Unterkunft.<\/p>\n<p>\n<p>Wir freuen uns darauf, dich willkommen zu hei\u00dfen! Wenn du Fragen oder besondere W\u00fcnsche hast, lass es uns gerne wissen. <\/p>\n\t\t\t\t<\/div>\n\t\t\t<\/div><\/div>\t\t\t\t<\/div>\n\t\t\t\t<\/div>\n\t\t\t\t<div class=\"elementor-element elementor-element-7441f55 elementor-widget elementor-widget-heading\" data-id=\"7441f55\" data-element_type=\"widget\" data-e-type=\"widget\" data-widget_type=\"heading.default\">\n\t\t\t\t<div class=\"elementor-widget-container\">\n\t\t\t\t\t<h3 class=\"elementor-heading-title elementor-size-default\">Verf\u00fcgbarkeit<\/h3>\t\t\t\t<\/div>\n\t\t\t\t<\/div>\n\t\t\t\t<div class=\"elementor-element elementor-element-4efba18 elementor-widget elementor-widget-shortcode\" data-id=\"4efba18\" data-element_type=\"widget\" data-e-type=\"widget\" data-widget_type=\"shortcode.default\">\n\t\t\t\t<div class=\"elementor-widget-container\">\n\t\t\t\t\t\t\t<div class=\"elementor-shortcode\"><div class=\"mphb_sc_availability_calendar-wrapper\">\t<div class=\"mphb-calendar mphb-datepick inlinePicker mphb-calendar--direct-booking\" data-room-type-id=\"645\" data-is_show_prices=\"1\" data-is_truncate_prices=\"0\" data-is_show_prices_currency=\"0\" data-first_available_check_in_date=\"2027-04-24\"><\/div>\n\t<\/div><\/div>\n\t\t\t\t\t\t<\/div>\n\t\t\t\t<\/div>\n\t\t\t\t<\/div>\n\t\t<div class=\"elementor-element elementor-element-5bb4033 e-con-full e-flex e-con e-child\" data-id=\"5bb4033\" data-element_type=\"container\" data-e-type=\"container\" data-settings=\"{&quot;background_background&quot;:&quot;classic&quot;}\">\n\t\t\t\t<div class=\"elementor-element elementor-element-f32782f elementor-widget elementor-widget-spacer\" data-id=\"f32782f\" data-element_type=\"widget\" data-e-type=\"widget\" data-widget_type=\"spacer.default\">\n\t\t\t\t<div class=\"elementor-widget-container\">\n\t\t\t\t\t\t\t<div class=\"elementor-spacer\">\n\t\t\t<div class=\"elementor-spacer-inner\"><\/div>\n\t\t<\/div>\n\t\t\t\t\t\t<\/div>\n\t\t\t\t<\/div>\n\t\t\t\t<\/div>\n\t\t\t\t<\/div>\n\t\t<div class=\"elementor-element elementor-element-03eaa98 e-flex e-con-boxed e-con e-parent\" data-id=\"03eaa98\" data-element_type=\"container\" data-e-type=\"container\" data-settings=\"{&quot;background_background&quot;:&quot;classic&quot;}\">\n\t\t\t\t\t<div class=\"e-con-inner\">\n\t\t<div class=\"elementor-element elementor-element-032f7df e-con-full e-flex e-con e-child\" data-id=\"032f7df\" data-element_type=\"container\" data-e-type=\"container\">\n\t\t\t\t<div class=\"elementor-element elementor-element-411ecf4 elementor-widget elementor-widget-elementskit-heading\" data-id=\"411ecf4\" data-element_type=\"widget\" data-e-type=\"widget\" data-widget_type=\"elementskit-heading.default\">\n\t\t\t\t<div class=\"elementor-widget-container\">\n\t\t\t\t\t<div class=\"ekit-wid-con\" ><div class=\"ekit-heading elementskit-section-title-wraper text_center   ekit_heading_tablet-text_center   ekit_heading_mobile-\"><h2 class=\"ekit-heading--title elementskit-section-title \">Reservieren<\/h2><\/div><\/div>\t\t\t\t<\/div>\n\t\t\t\t<\/div>\n\t\t\t\t<\/div>\n\t\t\t\t<div class=\"elementor-element elementor-element-a5ea34c elementor-widget__width-inherit elementor-widget elementor-widget-shortcode\" data-id=\"a5ea34c\" data-element_type=\"widget\" data-e-type=\"widget\" data-widget_type=\"shortcode.default\">\n\t\t\t\t<div class=\"elementor-widget-container\">\n\t\t\t\t\t\t\t<div class=\"elementor-shortcode\"><div class=\"mphb_sc_booking_form-wrapper \">\t<form method=\"POST\" action=\"https:\/\/madeira.vopilot.nl\/de\/buchungsbestaetigung\/\" class=\"mphb-booking-form mphb-booking-form--direct-booking\" id=\"booking-form-645\" data-first_available_check_in_date=\"2027-04-24\">\n\n\t\t<p class=\"mphb-required-fields-tip\"><small>Erforderliche Felder werden gefolgt von <abbr title=\"required\">*<\/abbr><\/small><\/p>\n\t\t<input type=\"hidden\" id=\"mphb-checkout-nonce\" name=\"mphb-checkout-nonce\" value=\"7ed071b2b3\" \/><input type=\"hidden\" name=\"_wp_http_referer\" value=\"\/de\/wp-json\/wp\/v2\/pages\/814\" \/>\t\t\t\t<input type=\"hidden\" name=\"mphb_room_type_id\" value=\"645\" \/>\n\t\t<p class=\"mphb-check-in-date-wrapper\">\n\t\t\t<label for=\"mphb_check_in_date-69e6317dbb036\">\n\t\t\t\tAnreisedatum\t\t\t\t<abbr title=\"Formatiert als dd\/mm\/yyyy\">*<\/abbr>\n\t\t\t<\/label>\n\t\t\t<br \/>\n\t\t\t<input id=\"mphb_check_in_date-69e6317dbb036\" type=\"text\" class=\"mphb-datepick\" value=\"\" required=\"required\" autocomplete=\"off\" placeholder=\"Anreisedatum\" inputmode=\"none\" \/>\n\t\t\t<input id=\"mphb_check_in_date-69e6317dbb036-hidden\" type=\"hidden\" name=\"mphb_check_in_date\" value=\"\" \/>\n\t\t<\/p>\n\t\t<p class=\"mphb-check-out-date-wrapper\">\n\t\t\t<label for=\"mphb_check_out_date-69e6317dbb036\">\n\t\t\t\tAbreisedatum\t\t\t\t<abbr title=\"Formatiert als dd\/mm\/yyyy\">*<\/abbr>\n\t\t\t<\/label>\n\t\t\t<br \/>\n\t\t\t<input id=\"mphb_check_out_date-69e6317dbb036\" type=\"text\" class=\"mphb-datepick\" value=\"\" required=\"required\" autocomplete=\"off\" placeholder=\"Abreisedatum\" inputmode=\"none\" \/>\n\t\t\t<input id=\"mphb_check_out_date-69e6317dbb036-hidden\" type=\"hidden\" name=\"mphb_check_out_date\" value=\"\" \/>\n\t\t<\/p>\n\t\t\t\t\t\t\t<div class=\"mphb-reserve-room-section mphb-hide\">\n\t\t\t\t<p class=\"mphb-rooms-quantity-wrapper mphb-rooms-quantity-multiple mphb-hide\">\n\t\t\t\t<select class=\"mphb-rooms-quantity\" id=\"mphb-rooms-quantity-645\" name=\"mphb_rooms_details[645]\"><option value=\"1\" selected=\"selected\">1<\/option><\/select> of <span class=\"mphb-available-rooms-count\">1<\/span> verf\u00fcgbare Unterk\u00fcnfte reservieren.\t\t\t\t<\/p>\n\t\t\t\t<p class=\"mphb-rooms-quantity-wrapper mphb-rooms-quantity-single mphb-hide\">\n\t\t\t\t\tVilla da Rochinha ist f\u00fcr ausgew\u00e4hlte Daten verf\u00fcgbar.\t\t\t\t<\/p>\n\t\t\t\t\t\t\t\t\t<p class=\"mphb-period-price mphb-regular-price mphb-hide\">\n\t\t\t\t\t\t<strong>Preis von:<\/strong>\n\t\t\t\t\t<\/p>\n\t\t\t\t\t\t\t\t<input type=\"hidden\" name=\"mphb_is_direct_booking\" value=\"1\" \/>\n\t\t\t\t<input class=\"button mphb-button mphb-confirm-reservation\" type=\"submit\" value=\"Reservierung best\u00e4tigen\" \/>\n\t\t\t<\/div>\n\t\t\n\t\t<div class=\"mphb-errors-wrapper mphb-hide\"><\/div>\n\t\t<p class=\"mphb-reserve-btn-wrapper\">\n\t\t\t<input class=\"mphb-reserve-btn button\" type=\"submit\" value=\"Verf\u00fcgbarkeit pr\u00fcfen\" \/>\n\t\t<\/p>\n\t<\/form>\n\t<\/div><\/div>\n\t\t\t\t\t\t<\/div>\n\t\t\t\t<\/div>\n\t\t\t\t\t<\/div>\n\t\t\t\t<\/div>\n\t\t\t\t<\/div>\n\t\t","protected":false},"excerpt":{"rendered":"<p>&lt;br&gt;Mehr erfahren Buchen Sieh im Kalender unten nach, welche Daten noch verf\u00fcgbar sind, und buche direkt deinen Aufenthalt. Der aktuelle Preis pro Nacht wird automatisch angezeigt. Die Mindestaufenthaltsdauer betr\u00e4gt 4 N\u00e4chte, in der Sommerperiode 5 N\u00e4chte.Der Check-in ist ab 15:00 Uhr m\u00f6glich und der Check-out bis 11:00 Uhr. Die maximale Aufenthaltsdauer betr\u00e4gt 28 N\u00e4chte. Ein [&hellip;]<\/p>\n","protected":false},"author":1,"featured_media":0,"parent":0,"menu_order":0,"comment_status":"closed","ping_status":"closed","template":"","meta":{"footnotes":""},"class_list":["post-814","page","type-page","status-publish","hentry"],"_links":{"self":[{"href":"https:\/\/madeira.vopilot.nl\/de\/wp-json\/wp\/v2\/pages\/814","targetHints":{"allow":["GET"]}}],"collection":[{"href":"https:\/\/madeira.vopilot.nl\/de\/wp-json\/wp\/v2\/pages"}],"about":[{"href":"https:\/\/madeira.vopilot.nl\/de\/wp-json\/wp\/v2\/types\/page"}],"author":[{"embeddable":true,"href":"https:\/\/madeira.vopilot.nl\/de\/wp-json\/wp\/v2\/users\/1"}],"replies":[{"embeddable":true,"href":"https:\/\/madeira.vopilot.nl\/de\/wp-json\/wp\/v2\/comments?post=814"}],"version-history":[{"count":2,"href":"https:\/\/madeira.vopilot.nl\/de\/wp-json\/wp\/v2\/pages\/814\/revisions"}],"predecessor-version":[{"id":841,"href":"https:\/\/madeira.vopilot.nl\/de\/wp-json\/wp\/v2\/pages\/814\/revisions\/841"}],"wp:attachment":[{"href":"https:\/\/madeira.vopilot.nl\/de\/wp-json\/wp\/v2\/media?parent=814"}],"curies":[{"name":"wp","href":"https:\/\/api.w.org\/{rel}","templated":true}]}}